{"id":6,"date":"2014-08-06T21:53:38","date_gmt":"2014-08-06T21:53:38","guid":{"rendered":"http:\/\/isabella-legat.dautermann.at\/?page_id=6"},"modified":"2023-10-14T17:22:40","modified_gmt":"2023-10-14T15:22:40","slug":"lebenslauf","status":"publish","type":"page","link":"https:\/\/www.isabella-legat.at\/?page_id=6","title":{"rendered":"\u00dcber mich"},"content":{"rendered":"<h4>Geboren 1975, wohnhaft in Graz.<\/h4>\n<h4>Ausbildung<\/h4>\n<ul>\n<li>Fachspezifikum \u201cSystemische Familientherapie\u201d beim \u00d6AS in Graz<\/li>\n<li>Studium der Sozial- und Wirtschaftswissenschaften an der KFU Graz<\/li>\n<\/ul>\n<h4>Berufliche Erfahrung<\/h4>\n<ul>\n<li>PSZ Psychosoziales Zentrum Leibnitz, GFSG<\/li>\n<li>einschl\u00e4gige Praktika:\n<ul>\n<li>Universit\u00e4tsklinik f\u00fcr Psychiatrie, Univ. Klinikum Graz<\/li>\n<li>Aloisianum, Therapeutische Einrichtung f\u00fcr alkoholabh\u00e4ngige Frauen und M\u00e4nner, Graz<\/li>\n<li>Institut f\u00fcr Familienf\u00f6rderung, Graz<\/li>\n<li>Universit\u00e4tsklinik f\u00fcr Kinder- und Jugendheilkunde, Station f\u00fcr Psychosomatik und Psychotherapie, Graz<\/li>\n<li>pro mente, Mini-Ambulatorium<\/li>\n<li>Fach\u00e4rzte f\u00fcr Psychiatrie und Psychotherapie<\/li>\n<\/ul>\n<\/li>\n<\/ul>\n<h4>Hobbies<\/h4>\n<ul>\n<li>Walken, Wandern\/Trekking, Radfahren, Skitouren, Skifahren, Musik, Tanzen, Lesen und alles was mit Gesundheit, Psychologie und Psychotherapie in Verbindung steht<\/li>\n<\/ul>\n","protected":false},"excerpt":{"rendered":"<p>Geboren 1975, wohnhaft in Graz. Ausbildung Fachspezifikum \u201cSystemische Familientherapie\u201d beim \u00d6AS in Graz Studium der Sozial- und Wirtschaftswissenschaften an der KFU Graz Berufliche Erfahrung PSZ Psychosoziales Zentrum Leibnitz, GFSG einschl\u00e4gige Praktika: Universit\u00e4tsklinik f\u00fcr Psychiatrie, Univ. Klinikum Graz Aloisianum, Therapeutische Einrichtung f\u00fcr alkoholabh\u00e4ngige Frauen und M\u00e4nner, Graz Institut f\u00fcr Familienf\u00f6rderung, Graz Universit\u00e4tsklinik f\u00fcr Kinder- und Jugendheilkunde, &hellip; <a href=\"https:\/\/www.isabella-legat.at\/?page_id=6\" class=\"more-link\">Continue reading <span class=\"screen-reader-text\">\u00dcber mich<\/span> <span class=\"meta-nav\">&rarr;<\/span><\/a><\/p>\n","protected":false},"author":1,"featured_media":0,"parent":0,"menu_order":0,"comment_status":"closed","ping_status":"closed","template":"","meta":{"footnotes":""},"class_list":["post-6","page","type-page","status-publish","hentry"],"_links":{"self":[{"href":"https:\/\/www.isabella-legat.at\/index.php?rest_route=\/wp\/v2\/pages\/6","targetHints":{"allow":["GET"]}}],"collection":[{"href":"https:\/\/www.isabella-legat.at\/index.php?rest_route=\/wp\/v2\/pages"}],"about":[{"href":"https:\/\/www.isabella-legat.at\/index.php?rest_route=\/wp\/v2\/types\/page"}],"author":[{"embeddable":true,"href":"https:\/\/www.isabella-legat.at\/index.php?rest_route=\/wp\/v2\/users\/1"}],"replies":[{"embeddable":true,"href":"https:\/\/www.isabella-legat.at\/index.php?rest_route=%2Fwp%2Fv2%2Fcomments&post=6"}],"version-history":[{"count":21,"href":"https:\/\/www.isabella-legat.at\/index.php?rest_route=\/wp\/v2\/pages\/6\/revisions"}],"predecessor-version":[{"id":348,"href":"https:\/\/www.isabella-legat.at\/index.php?rest_route=\/wp\/v2\/pages\/6\/revisions\/348"}],"wp:attachment":[{"href":"https:\/\/www.isabella-legat.at\/index.php?rest_route=%2Fwp%2Fv2%2Fmedia&parent=6"}],"curies":[{"name":"wp","href":"https:\/\/api.w.org\/{rel}","templated":true}]}}