{"id":56,"date":"2015-05-10T21:09:02","date_gmt":"2015-05-10T19:09:02","guid":{"rendered":"http:\/\/isabella-legat.dautermann.at\/?page_id=56"},"modified":"2024-11-17T15:54:44","modified_gmt":"2024-11-17T13:54:44","slug":"terminekontakt","status":"publish","type":"page","link":"https:\/\/www.isabella-legat.at\/?page_id=56","title":{"rendered":"Termine\/Kontakt"},"content":{"rendered":"<p>Termine nach Vereinbarung<\/p>\n<ul>\n<li>Mobil: 0676 \/ 6536147<\/li>\n<li>eMail: praxis(at)isabella-legat.at<\/li>\n<li>Adresse: <a href=\"https:\/\/www.google.at\/maps\/place\/Lichtblickpraxis+Graz\/@47.0913,15.422644,17z\/data=!3m1!4b1!4m5!3m4!1s0x476e35bf18c6836f:0x2d3a9b0977f5ca42!8m2!3d47.0913!4d15.4248327\" target=\"_blank\" rel=\"noopener noreferrer\">Lichtblickpraxis K\u00f6r\u00f6sistra\u00dfe 170, 1. Stock in 8010 Graz<\/a><\/li>\n<li>Anbei das <a href=\"https:\/\/www.isabella-legat.at\/wp-content\/uploads\/2023\/09\/KlientInneninformationsblatt.pdf\" target=\"_blank\" rel=\"noopener\">KlientInneninformationsblatt<\/a> zum Download<\/li>\n<\/ul>\n\n\n\n","protected":false},"excerpt":{"rendered":"<p>Termine nach Vereinbarung Mobil: 0676 \/ 6536147 eMail: praxis(at)isabella-legat.at Adresse: Lichtblickpraxis K\u00f6r\u00f6sistra\u00dfe 170, 1. Stock in 8010 Graz Anbei das KlientInneninformationsblatt zum Download<\/p>\n","protected":false},"author":1,"featured_media":0,"parent":0,"menu_order":0,"comment_status":"closed","ping_status":"closed","template":"","meta":{"footnotes":""},"class_list":["post-56","page","type-page","status-publish","hentry"],"_links":{"self":[{"href":"https:\/\/www.isabella-legat.at\/index.php?rest_route=\/wp\/v2\/pages\/56","targetHints":{"allow":["GET"]}}],"collection":[{"href":"https:\/\/www.isabella-legat.at\/index.php?rest_route=\/wp\/v2\/pages"}],"about":[{"href":"https:\/\/www.isabella-legat.at\/index.php?rest_route=\/wp\/v2\/types\/page"}],"author":[{"embeddable":true,"href":"https:\/\/www.isabella-legat.at\/index.php?rest_route=\/wp\/v2\/users\/1"}],"replies":[{"embeddable":true,"href":"https:\/\/www.isabella-legat.at\/index.php?rest_route=%2Fwp%2Fv2%2Fcomments&post=56"}],"version-history":[{"count":43,"href":"https:\/\/www.isabella-legat.at\/index.php?rest_route=\/wp\/v2\/pages\/56\/revisions"}],"predecessor-version":[{"id":368,"href":"https:\/\/www.isabella-legat.at\/index.php?rest_route=\/wp\/v2\/pages\/56\/revisions\/368"}],"wp:attachment":[{"href":"https:\/\/www.isabella-legat.at\/index.php?rest_route=%2Fwp%2Fv2%2Fmedia&parent=56"}],"curies":[{"name":"wp","href":"https:\/\/api.w.org\/{rel}","templated":true}]}}