{"id":54,"date":"2015-05-10T21:08:05","date_gmt":"2015-05-10T19:08:05","guid":{"rendered":"http:\/\/isabella-legat.dautermann.at\/?page_id=54"},"modified":"2017-01-06T11:52:17","modified_gmt":"2017-01-06T09:52:17","slug":"coaching","status":"publish","type":"page","link":"https:\/\/www.isabella-legat.at\/?page_id=54","title":{"rendered":"Coaching"},"content":{"rendered":"<p>Coaching ist Hilfe zur Selbsthilfe und damit eine kurzfristige, l\u00f6sungsorientierte Begleitung von Menschen, die ein <strong>konkretes Problem<\/strong> in ihrem Leben bearbeiten m\u00f6chten. Es ist ein l\u00f6sungs- und zielorientierter Ansatz, bei dem es unter anderem um den Zugang zu einem neuen Probleml\u00f6sungsverhalten geht.<\/p>\n<p>Coaching ist eine gezielte Optimierung von Ressourcen und Potentialen im Kontext von<\/p>\n<ul>\n<li>Beruf<\/li>\n<li>beruflicher Um- und Neuorientierung<\/li>\n<li>Karriereplanung<\/li>\n<li>sinkender Motivation<\/li>\n<li>usw.<\/li>\n<\/ul>\n","protected":false},"excerpt":{"rendered":"<p>Coaching ist Hilfe zur Selbsthilfe und damit eine kurzfristige, l\u00f6sungsorientierte Begleitung von Menschen, die ein konkretes Problem in ihrem Leben bearbeiten m\u00f6chten. Es ist ein l\u00f6sungs- und zielorientierter Ansatz, bei dem es unter anderem um den Zugang zu einem neuen Probleml\u00f6sungsverhalten geht. Coaching ist eine gezielte Optimierung von Ressourcen und Potentialen im Kontext von Beruf &hellip; <a href=\"https:\/\/www.isabella-legat.at\/?page_id=54\" class=\"more-link\">Continue reading <span class=\"screen-reader-text\">Coaching<\/span> <span class=\"meta-nav\">&rarr;<\/span><\/a><\/p>\n","protected":false},"author":1,"featured_media":0,"parent":0,"menu_order":0,"comment_status":"closed","ping_status":"closed","template":"","meta":{"footnotes":""},"class_list":["post-54","page","type-page","status-publish","hentry"],"_links":{"self":[{"href":"https:\/\/www.isabella-legat.at\/index.php?rest_route=\/wp\/v2\/pages\/54","targetHints":{"allow":["GET"]}}],"collection":[{"href":"https:\/\/www.isabella-legat.at\/index.php?rest_route=\/wp\/v2\/pages"}],"about":[{"href":"https:\/\/www.isabella-legat.at\/index.php?rest_route=\/wp\/v2\/types\/page"}],"author":[{"embeddable":true,"href":"https:\/\/www.isabella-legat.at\/index.php?rest_route=\/wp\/v2\/users\/1"}],"replies":[{"embeddable":true,"href":"https:\/\/www.isabella-legat.at\/index.php?rest_route=%2Fwp%2Fv2%2Fcomments&post=54"}],"version-history":[{"count":3,"href":"https:\/\/www.isabella-legat.at\/index.php?rest_route=\/wp\/v2\/pages\/54\/revisions"}],"predecessor-version":[{"id":160,"href":"https:\/\/www.isabella-legat.at\/index.php?rest_route=\/wp\/v2\/pages\/54\/revisions\/160"}],"wp:attachment":[{"href":"https:\/\/www.isabella-legat.at\/index.php?rest_route=%2Fwp%2Fv2%2Fmedia&parent=54"}],"curies":[{"name":"wp","href":"https:\/\/api.w.org\/{rel}","templated":true}]}}