{"id":30,"date":"2014-08-31T12:25:10","date_gmt":"2014-08-31T10:25:10","guid":{"rendered":"http:\/\/isabella-legat.dautermann.at\/?page_id=30"},"modified":"2022-01-06T19:18:19","modified_gmt":"2022-01-06T17:18:19","slug":"ich-biete","status":"publish","type":"page","link":"https:\/\/www.isabella-legat.at\/?page_id=30","title":{"rendered":"Links"},"content":{"rendered":"<ul>\n<li>STLP Steirischer Landesverband f\u00fcr Psychotherapie: <a href=\"https:\/\/www.stlp.at\/\" target=\"_blank\" rel=\"noopener\">https:\/\/www.stlp.at\/<\/a><\/li>\n<li>\u00d6AS \u00d6sterreichische Arbeitsgemeinschaft f\u00fcr systemische Therapie und systemische Studien: <a href=\"https:\/\/www.oeas.at\/\" target=\"_blank\" rel=\"noopener\">https:\/\/www.oeas.at\/<\/a><\/li>\n<li>\u00d6BVP \u00d6sterreichischer Bundesverband f\u00fcr Psychotherapie: <a href=\"https:\/\/www.psychotherapie.at\/\" target=\"_blank\" rel=\"noopener\">https:\/\/www.psychotherapie.at\/<\/a><\/li>\n<li>Internetportal f\u00fcr Psychotherapie <a href=\"https:\/\/www.psyonline.at\/\" target=\"_blank\" rel=\"noopener\">https:\/\/www.psyonline.at\/<\/a><\/li>\n<li>Psychotherapie Schnider: <a href=\"https:\/\/www.schnider.eu\/\" target=\"_blank\" rel=\"noopener\">https:\/\/www.schnider.eu\/ <\/a><\/li>\n<li>Dr. Rudolf Winkler, kinder * jugend * neurologie * psychiatrie: <a href=\"http:\/\/www.winkler-kjnp.at\/\" target=\"_blank\" rel=\"noopener\">http:\/\/www.winkler-kjnp.at\/<\/a><\/li>\n<\/ul>\n\n","protected":false},"excerpt":{"rendered":"<p>STLP Steirischer Landesverband f\u00fcr Psychotherapie: https:\/\/www.stlp.at\/ \u00d6AS \u00d6sterreichische Arbeitsgemeinschaft f\u00fcr systemische Therapie und systemische Studien: https:\/\/www.oeas.at\/ \u00d6BVP \u00d6sterreichischer Bundesverband f\u00fcr Psychotherapie: https:\/\/www.psychotherapie.at\/ Internetportal f\u00fcr Psychotherapie https:\/\/www.psyonline.at\/ Psychotherapie Schnider: https:\/\/www.schnider.eu\/ Dr. Rudolf Winkler, kinder * jugend * neurologie * psychiatrie: http:\/\/www.winkler-kjnp.at\/<\/p>\n","protected":false},"author":1,"featured_media":0,"parent":0,"menu_order":0,"comment_status":"closed","ping_status":"closed","template":"","meta":{"footnotes":""},"class_list":["post-30","page","type-page","status-publish","hentry"],"_links":{"self":[{"href":"https:\/\/www.isabella-legat.at\/index.php?rest_route=\/wp\/v2\/pages\/30","targetHints":{"allow":["GET"]}}],"collection":[{"href":"https:\/\/www.isabella-legat.at\/index.php?rest_route=\/wp\/v2\/pages"}],"about":[{"href":"https:\/\/www.isabella-legat.at\/index.php?rest_route=\/wp\/v2\/types\/page"}],"author":[{"embeddable":true,"href":"https:\/\/www.isabella-legat.at\/index.php?rest_route=\/wp\/v2\/users\/1"}],"replies":[{"embeddable":true,"href":"https:\/\/www.isabella-legat.at\/index.php?rest_route=%2Fwp%2Fv2%2Fcomments&post=30"}],"version-history":[{"count":11,"href":"https:\/\/www.isabella-legat.at\/index.php?rest_route=\/wp\/v2\/pages\/30\/revisions"}],"predecessor-version":[{"id":305,"href":"https:\/\/www.isabella-legat.at\/index.php?rest_route=\/wp\/v2\/pages\/30\/revisions\/305"}],"wp:attachment":[{"href":"https:\/\/www.isabella-legat.at\/index.php?rest_route=%2Fwp%2Fv2%2Fmedia&parent=30"}],"curies":[{"name":"wp","href":"https:\/\/api.w.org\/{rel}","templated":true}]}}